{"id":967,"date":"2025-03-07T19:22:49","date_gmt":"2025-03-07T18:22:49","guid":{"rendered":"https:\/\/kochparty.de\/page\/?page_id=967"},"modified":"2025-03-07T19:26:22","modified_gmt":"2025-03-07T18:26:22","slug":"kochduell","status":"publish","type":"page","link":"https:\/\/kochparty.de\/page\/de\/kochduell\/","title":{"rendered":"Kochduell"},"content":{"rendered":"\n<div class=\"wp-block-query is-layout-flow wp-block-query-is-layout-flow\">\n<div class=\"wp-block-group\"><div class=\"wp-block-group__inner-container is-layout-constrained wp-block-group-is-layout-constrained\"><ul class=\"wp-block-post-template is-layout-flow wp-block-post-template-is-layout-flow\"><li class=\"wp-block-post post-1473 post type-post status-publish format-standard has-post-thumbnail hentry category-kochduell-de\">\n<h3 style=\"text-decoration:underline;\" class=\"wp-block-post-title\">Kochduell vom 15.03.2026<\/h3>\n\n\n<div class=\"wp-block-group\"><div class=\"wp-block-group__inner-container is-layout-constrained wp-block-group-is-layout-constrained\"><figure style=\"width:650px;\" class=\"wp-block-post-featured-image wp-duotone-unset-1\"><a href=\"https:\/\/kochparty.de\/page\/de\/kochduell-vom-15-03-2026\/\" target=\"_self\"  ><img loading=\"lazy\" decoding=\"async\" width=\"2500\" height=\"1406\" src=\"https:\/\/kochparty.de\/page\/wp-content\/uploads\/2026\/03\/image001.jpg\" class=\"attachment-post-thumbnail size-post-thumbnail wp-post-image\" alt=\"Kochduell vom 15.03.2026\" style=\"object-fit:cover;\" srcset=\"https:\/\/kochparty.de\/page\/wp-content\/uploads\/2026\/03\/image001.jpg 2500w, https:\/\/kochparty.de\/page\/wp-content\/uploads\/2026\/03\/image001-300x169.jpg 300w, https:\/\/kochparty.de\/page\/wp-content\/uploads\/2026\/03\/image001-1024x576.jpg 1024w, https:\/\/kochparty.de\/page\/wp-content\/uploads\/2026\/03\/image001-768x432.jpg 768w, https:\/\/kochparty.de\/page\/wp-content\/uploads\/2026\/03\/image001-1536x864.jpg 1536w, https:\/\/kochparty.de\/page\/wp-content\/uploads\/2026\/03\/image001-2048x1152.jpg 2048w, https:\/\/kochparty.de\/page\/wp-content\/uploads\/2026\/03\/image001-206x116.jpg 206w\" sizes=\"auto, (max-width: 2500px) 100vw, 2500px\" \/><\/a><\/figure><\/div><\/div>\n\n\n\n<div style=\"height:40px\" aria-hidden=\"true\" class=\"wp-block-spacer\"><\/div>\n\n\n<div class=\"wp-block-post-excerpt\"><p class=\"wp-block-post-excerpt__excerpt\">Thema: K\u00f6che: Kosten: Zwiebelsuppe \/ Karadjordjeva Schnitzel (gew\u00fcnscht von Mike) Dani, Markus und Ronny 55,94 \u20ac Obst &amp; Gem\u00fcse Fisch und Fleisch Sonstiges Zwiebelsuppe Die Zwiebeln in Ringe schneiden und die Knoblauchzehen fein w\u00fcrfeln. Etwas Butter in einem Topf erhitzen und die Zwiebeln sowie Knoblauch darin anbraten. Anschlie\u00dfend mit Mehl best\u00e4uben und weitere 5 Minuten <a class=\"wp-block-post-excerpt__more-link\" href=\"https:\/\/kochparty.de\/page\/de\/kochduell-vom-15-03-2026\/\">weiterlesen<\/a><\/p><\/div>\n\n\n<hr class=\"wp-block-separator has-alpha-channel-opacity\"\/>\n\n<\/li><li class=\"wp-block-post post-1304 post type-post status-publish format-standard has-post-thumbnail hentry category-kochduell-de\">\n<h3 style=\"text-decoration:underline;\" class=\"wp-block-post-title\">Kochduell vom 22.11.2025<\/h3>\n\n\n<div class=\"wp-block-group\"><div class=\"wp-block-group__inner-container is-layout-constrained wp-block-group-is-layout-constrained\"><figure style=\"width:650px;\" class=\"wp-block-post-featured-image wp-duotone-unset-2\"><a href=\"https:\/\/kochparty.de\/page\/de\/kochduell-vom-22-11-2025\/\" target=\"_self\"  ><img loading=\"lazy\" decoding=\"async\" width=\"2500\" height=\"1406\" src=\"https:\/\/kochparty.de\/page\/wp-content\/uploads\/2025\/11\/image003.jpg\" class=\"attachment-post-thumbnail size-post-thumbnail wp-post-image\" alt=\"Kochduell vom 22.11.2025\" style=\"object-fit:cover;\" srcset=\"https:\/\/kochparty.de\/page\/wp-content\/uploads\/2025\/11\/image003.jpg 2500w, https:\/\/kochparty.de\/page\/wp-content\/uploads\/2025\/11\/image003-300x169.jpg 300w, https:\/\/kochparty.de\/page\/wp-content\/uploads\/2025\/11\/image003-1024x576.jpg 1024w, https:\/\/kochparty.de\/page\/wp-content\/uploads\/2025\/11\/image003-768x432.jpg 768w, https:\/\/kochparty.de\/page\/wp-content\/uploads\/2025\/11\/image003-1536x864.jpg 1536w, https:\/\/kochparty.de\/page\/wp-content\/uploads\/2025\/11\/image003-2048x1152.jpg 2048w, https:\/\/kochparty.de\/page\/wp-content\/uploads\/2025\/11\/image003-480x270.jpg 480w, https:\/\/kochparty.de\/page\/wp-content\/uploads\/2025\/11\/image003-206x116.jpg 206w\" sizes=\"auto, (max-width: 2500px) 100vw, 2500px\" \/><\/a><\/figure><\/div><\/div>\n\n\n\n<div style=\"height:40px\" aria-hidden=\"true\" class=\"wp-block-spacer\"><\/div>\n\n\n<div class=\"wp-block-post-excerpt\"><p class=\"wp-block-post-excerpt__excerpt\">Thema: K\u00f6che: Kosten: K\u00f6nigsberger Klopse (gew\u00fcnscht von Ronny) Mandy, Peter, Markus und Ronny 69,16 \u20ac Obst &amp; Gem\u00fcse Fisch und Fleisch Sonstiges Rote Bete carpaccio Die rote Bete in d\u00fcnne Scheiben schneiden und f\u00e4cherartig auf einer Platte anrichten. Anschlie\u00dfend den Feta zerbr\u00f6seln und \u00fcber die Rote Bete geben. Eine Zwiebel sch\u00e4len, halbieren und in d\u00fcnne <a class=\"wp-block-post-excerpt__more-link\" href=\"https:\/\/kochparty.de\/page\/de\/kochduell-vom-22-11-2025\/\">weiterlesen<\/a><\/p><\/div>\n\n\n<hr class=\"wp-block-separator has-alpha-channel-opacity\"\/>\n\n<\/li><\/ul><\/div><\/div>\n\n\n<nav class=\"wp-block-query-pagination is-horizontal is-content-justification-center is-nowrap is-layout-flex wp-container-core-query-pagination-is-layout-c1dfda1e wp-block-query-pagination-is-layout-flex\" aria-label=\"Seitennummerierung\">\n\n\n<div class=\"wp-block-query-pagination-numbers\"><span aria-current=\"page\" class=\"page-numbers current\">1<\/span>\n<a class=\"page-numbers\" href=\"?query-24-page=2\">2<\/a>\n<a class=\"page-numbers\" href=\"?query-24-page=3\">3<\/a>\n<a class=\"page-numbers\" href=\"?query-24-page=4\">4<\/a><\/div>\n\n<a href=\"\/page\/wp-json\/wp\/v2\/pages\/967?query-24-page=2\" class=\"wp-block-query-pagination-next\" aria-label=\"N\u00e4chste Seite\"><span class='wp-block-query-pagination-next-arrow is-arrow-arrow' aria-hidden='true'>\u2192<\/span><\/a>\n<\/nav>\n\n<\/div>\n\n\n\n<p><\/p>\n","protected":false},"excerpt":{"rendered":"","protected":false},"author":1,"featured_media":0,"parent":0,"menu_order":0,"comment_status":"closed","ping_status":"closed","template":"","meta":{"wpupg_custom_link":[],"wpupg_custom_link_behaviour":[],"wpupg_custom_link_nofollow":[],"wpupg_custom_image":[],"wpupg_custom_image_id":[],"footnotes":""},"class_list":["post-967","page","type-page","status-publish","hentry"],"_links":{"self":[{"href":"https:\/\/kochparty.de\/page\/wp-json\/wp\/v2\/pages\/967","targetHints":{"allow":["GET"]}}],"collection":[{"href":"https:\/\/kochparty.de\/page\/wp-json\/wp\/v2\/pages"}],"about":[{"href":"https:\/\/kochparty.de\/page\/wp-json\/wp\/v2\/types\/page"}],"author":[{"embeddable":true,"href":"https:\/\/kochparty.de\/page\/wp-json\/wp\/v2\/users\/1"}],"replies":[{"embeddable":true,"href":"https:\/\/kochparty.de\/page\/wp-json\/wp\/v2\/comments?post=967"}],"version-history":[{"count":10,"href":"https:\/\/kochparty.de\/page\/wp-json\/wp\/v2\/pages\/967\/revisions"}],"predecessor-version":[{"id":1130,"href":"https:\/\/kochparty.de\/page\/wp-json\/wp\/v2\/pages\/967\/revisions\/1130"}],"wp:attachment":[{"href":"https:\/\/kochparty.de\/page\/wp-json\/wp\/v2\/media?parent=967"}],"curies":[{"name":"wp","href":"https:\/\/api.w.org\/{rel}","templated":true}]}}