{"id":5,"date":"2023-07-30T15:33:14","date_gmt":"2023-07-30T13:33:14","guid":{"rendered":"http:\/\/kochparty.de\/page\/?page_id=5"},"modified":"2026-03-29T16:00:05","modified_gmt":"2026-03-29T14:00:05","slug":"startseite","status":"publish","type":"page","link":"https:\/\/kochparty.de\/page\/de\/","title":{"rendered":"Startseite"},"content":{"rendered":"\n<div class=\"wp-block-columns is-layout-flex wp-container-core-columns-is-layout-9d6595d7 wp-block-columns-is-layout-flex\">\n<div class=\"wp-block-column is-layout-flow wp-block-column-is-layout-flow\" style=\"flex-basis:66.66%\">\n<p class=\"has-text-align-center\">Seit \u00fcber 25 Jahren duellieren wir uns als K\u00f6che (nat\u00fcrlich nur am Herd). Dabei sind sehr viele interessante Gerichte entstanden (nachzulesen unter \u201eKochduell\u201c).<\/p>\n\n\n\n<p class=\"has-text-align-center\">Wir unternehmen auch einige erlebnisreiche Ausfl\u00fcge (z. B. Wandern, Weihnachtsmarktbesuche und vieles mehr), die wir online stellen.<\/p>\n\n\n\n<p class=\"has-text-align-center\">\u00c4ltere Kochduelle und Ausfl\u00fcge (vor 2023) sind in der alten Version der Homepage zu finden. Der Link dazu befindet sich in der Fu\u00dfzeile.<\/p>\n\n\n\n<hr class=\"wp-block-separator has-alpha-channel-opacity is-style-dots\"\/>\n\n\n\n<p class=\"has-text-align-center\">Bitte nutzt das Kontaktformular oder schreibt einen Blogeintrag, wenn ihr Tipps, Anregungen, Rezeptvorschl\u00e4ge etc. habt.<\/p>\n<\/div>\n\n\n\n<div class=\"wp-block-column is-layout-flow wp-block-column-is-layout-flow\" style=\"flex-basis:33.33%\">\n<figure class=\"wp-block-image size-full\"><img loading=\"lazy\" decoding=\"async\" width=\"511\" height=\"712\" src=\"https:\/\/kochparty.de\/page\/wp-content\/uploads\/2023\/08\/koch.png\" alt=\"\" class=\"wp-image-67\" srcset=\"https:\/\/kochparty.de\/page\/wp-content\/uploads\/2023\/08\/koch.png 511w, https:\/\/kochparty.de\/page\/wp-content\/uploads\/2023\/08\/koch-215x300.png 215w, https:\/\/kochparty.de\/page\/wp-content\/uploads\/2023\/08\/koch-83x116.png 83w\" sizes=\"auto, (max-width: 511px) 100vw, 511px\" \/><\/figure>\n<\/div>\n<\/div>\n\n\n\n<div style=\"height:20px\" aria-hidden=\"true\" class=\"wp-block-spacer\"><\/div>\n\n\n\n<hr class=\"wp-block-separator has-alpha-channel-opacity\"\/>\n\n\n\n<div style=\"height:25px\" aria-hidden=\"true\" class=\"wp-block-spacer\"><\/div>\n\n\n\n<div class=\"wp-block-columns is-layout-flex wp-container-core-columns-is-layout-9d6595d7 wp-block-columns-is-layout-flex\">\n<div class=\"wp-block-column is-layout-flow wp-block-column-is-layout-flow\">\n<p class=\"has-text-align-center\"><strong>Rezepte<\/strong><\/p>\n\n\n\n<p class=\"has-text-align-center\">Einige unserer tollen Rezepte findet ihr hier:<\/p>\n\n\n<div class=\"wp-block-image\">\n<figure class=\"aligncenter size-full\"><a href=\"https:\/\/kochparty.de\/page\/de\/rezepte\/\"><img loading=\"lazy\" decoding=\"async\" width=\"400\" height=\"300\" src=\"https:\/\/kochparty.de\/page\/wp-content\/uploads\/2023\/09\/rezepte.gif\" alt=\"\" class=\"wp-image-466\"\/><\/a><\/figure>\n<\/div><\/div>\n\n\n\n<div class=\"wp-block-column is-layout-flow wp-block-column-is-layout-flow\">\n<p class=\"has-text-align-center\"> <strong>Blog<\/strong><\/p>\n\n\n\n<p class=\"has-text-align-center\">Nachrichten, Kommentare und Bilder k\u00f6nnen auch auf unserer Blogseite hinterlassen werden.<\/p>\n\n\n\n<div style=\"height:3px\" aria-hidden=\"true\" class=\"wp-block-spacer\"><\/div>\n\n\n\n<p class=\"has-text-align-center has-vivid-cyan-blue-color has-text-color\" style=\"font-size:40px\"><strong> <a href=\"https:\/\/kochparty.de\/page\/de\/blog\/\">Blog<\/a><\/strong><\/p>\n<\/div>\n\n\n\n<div class=\"wp-block-column is-layout-flow wp-block-column-is-layout-flow\">\n<p class=\"has-text-align-center\"><strong>Archiv<\/strong><\/p>\n\n\n<div class=\"wp-block-archives-dropdown wp-block-archives\"><label for=\"wp-block-archives-1\" class=\"wp-block-archives__label\">Archiv<\/label>\n\t\t<select id=\"wp-block-archives-1\" name=\"archive-dropdown\">\n\t\t<option value=\"\">Monat ausw\u00e4hlen<\/option>\t<option value='https:\/\/kochparty.de\/page\/2026\/03\/'> M\u00e4rz 2026 <\/option>\n\t<option value='https:\/\/kochparty.de\/page\/2025\/12\/'> Dezember 2025 <\/option>\n\t<option value='https:\/\/kochparty.de\/page\/2025\/11\/'> November 2025 <\/option>\n\t<option value='https:\/\/kochparty.de\/page\/2025\/08\/'> August 2025 <\/option>\n\t<option value='https:\/\/kochparty.de\/page\/2025\/07\/'> Juli 2025 <\/option>\n\t<option value='https:\/\/kochparty.de\/page\/2025\/04\/'> April 2025 <\/option>\n\t<option value='https:\/\/kochparty.de\/page\/2024\/12\/'> Dezember 2024 <\/option>\n\t<option value='https:\/\/kochparty.de\/page\/2024\/11\/'> November 2024 <\/option>\n\t<option value='https:\/\/kochparty.de\/page\/2024\/08\/'> August 2024 <\/option>\n\t<option value='https:\/\/kochparty.de\/page\/2024\/03\/'> M\u00e4rz 2024 <\/option>\n\t<option value='https:\/\/kochparty.de\/page\/2023\/12\/'> Dezember 2023 <\/option>\n\t<option value='https:\/\/kochparty.de\/page\/2023\/11\/'> November 2023 <\/option>\n\t<option value='https:\/\/kochparty.de\/page\/2023\/09\/'> September 2023 <\/option>\n\t<option value='https:\/\/kochparty.de\/page\/2023\/04\/'> April 2023 <\/option>\n\t<option value='https:\/\/kochparty.de\/page\/2022\/12\/'> Dezember 2022 <\/option>\n<\/select><script type=\"text\/javascript\">\n\/* <![CDATA[ *\/\n( ( [ dropdownId, homeUrl ] ) => {\n\t\tconst dropdown = document.getElementById( dropdownId );\n\t\tfunction onSelectChange() {\n\t\t\tsetTimeout( () => {\n\t\t\t\tif ( 'escape' === dropdown.dataset.lastkey ) {\n\t\t\t\t\treturn;\n\t\t\t\t}\n\t\t\t\tif ( dropdown.value ) {\n\t\t\t\t\tlocation.href = dropdown.value;\n\t\t\t\t}\n\t\t\t}, 250 );\n\t\t}\n\t\tfunction onKeyUp( event ) {\n\t\t\tif ( 'Escape' === event.key ) {\n\t\t\t\tdropdown.dataset.lastkey = 'escape';\n\t\t\t} else {\n\t\t\t\tdelete dropdown.dataset.lastkey;\n\t\t\t}\n\t\t}\n\t\tfunction onClick() {\n\t\t\tdelete dropdown.dataset.lastkey;\n\t\t}\n\t\tdropdown.addEventListener( 'keyup', onKeyUp );\n\t\tdropdown.addEventListener( 'click', onClick );\n\t\tdropdown.addEventListener( 'change', onSelectChange );\n\t} )( [\"wp-block-archives-1\",\"https:\/\/kochparty.de\/page\"] );\n\/\/# sourceURL=block_core_archives_build_dropdown_script\n\/* ]]> *\/\n<\/script>\n<\/div><\/div>\n<\/div>\n\n\n\n<div style=\"height:50px\" aria-hidden=\"true\" class=\"wp-block-spacer\"><\/div>\n","protected":false},"excerpt":{"rendered":"<p>Seit \u00fcber 25 Jahren duellieren wir uns als K\u00f6che (nat\u00fcrlich nur am Herd). Dabei sind sehr viele interessante Gerichte entstanden (nachzulesen unter \u201eKochduell\u201c). Wir unternehmen auch einige erlebnisreiche Ausfl\u00fcge (z. B. Wandern, Weihnachtsmarktbesuche und vieles mehr), die wir online stellen. \u00c4ltere Kochduelle und Ausfl\u00fcge (vor 2023) sind in der alten Version der Homepage zu finden. [&hellip;]<\/p>\n","protected":false},"author":1,"featured_media":0,"parent":0,"menu_order":0,"comment_status":"closed","ping_status":"closed","template":"","meta":{"wpupg_custom_link":[],"wpupg_custom_link_behaviour":[],"wpupg_custom_link_nofollow":[],"wpupg_custom_image":[],"wpupg_custom_image_id":[],"footnotes":""},"class_list":["post-5","page","type-page","status-publish","hentry"],"_links":{"self":[{"href":"https:\/\/kochparty.de\/page\/wp-json\/wp\/v2\/pages\/5","targetHints":{"allow":["GET"]}}],"collection":[{"href":"https:\/\/kochparty.de\/page\/wp-json\/wp\/v2\/pages"}],"about":[{"href":"https:\/\/kochparty.de\/page\/wp-json\/wp\/v2\/types\/page"}],"author":[{"embeddable":true,"href":"https:\/\/kochparty.de\/page\/wp-json\/wp\/v2\/users\/1"}],"replies":[{"embeddable":true,"href":"https:\/\/kochparty.de\/page\/wp-json\/wp\/v2\/comments?post=5"}],"version-history":[{"count":10,"href":"https:\/\/kochparty.de\/page\/wp-json\/wp\/v2\/pages\/5\/revisions"}],"predecessor-version":[{"id":1531,"href":"https:\/\/kochparty.de\/page\/wp-json\/wp\/v2\/pages\/5\/revisions\/1531"}],"wp:attachment":[{"href":"https:\/\/kochparty.de\/page\/wp-json\/wp\/v2\/media?parent=5"}],"curies":[{"name":"wp","href":"https:\/\/api.w.org\/{rel}","templated":true}]}}