{"id":29,"date":"2023-07-30T18:18:31","date_gmt":"2023-07-30T16:18:31","guid":{"rendered":"http:\/\/kochparty.de\/page\/?page_id=29"},"modified":"2023-10-28T14:08:00","modified_gmt":"2023-10-28T12:08:00","slug":"regeln","status":"publish","type":"page","link":"https:\/\/kochparty.de\/page\/de\/regeln\/","title":{"rendered":"Regeln"},"content":{"rendered":"\n<p>Wir versuchen im Jahr mind. 2 Kochduelle durchzuf\u00fchren.<\/p>\n\n\n\n<h3 class=\"wp-block-heading\">Hier die Regeln:<\/h3>\n\n\n\n<ul class=\"wp-block-list\">\n<li>Das Los entscheidet wer zusammen Kochen bzw. Einkaufen darf.<\/li>\n\n\n\n<li>Die Ausgaben f\u00fcr den Einkauf sind nicht limitiert.<\/li>\n\n\n\n<li>Es muss eine Vorspeise &amp; Hauptgericht bzw. Hauptgericht &amp; Nachspeise gekocht werden.<\/li>\n\n\n\n<li>Aus einer Themenauswahl wird ein Thema f\u00fcr das Kochen durch Losentscheid vorher festgelegt. Themen k\u00f6nnen beispielsweise sein: Regionen, spezielle Gerichte, spezielle Farben f\u00fcr die Zutaten, usw..<\/li>\n\n\n\n<li>Es gibt kein Zeitlimit f\u00fcr das Kochen.<\/li>\n<\/ul>\n\n\n\n<div style=\"height:20px\" aria-hidden=\"true\" class=\"wp-block-spacer\"><\/div>\n\n\n<div class=\"wp-block-image\">\n<figure class=\"aligncenter size-full is-resized\"><img loading=\"lazy\" decoding=\"async\" width=\"548\" height=\"150\" src=\"https:\/\/kochparty.de\/page\/wp-content\/uploads\/2023\/09\/regel.png\" alt=\"\" class=\"wp-image-187\" style=\"width:417px;height:114px\" srcset=\"https:\/\/kochparty.de\/page\/wp-content\/uploads\/2023\/09\/regel.png 548w, https:\/\/kochparty.de\/page\/wp-content\/uploads\/2023\/09\/regel-300x82.png 300w, https:\/\/kochparty.de\/page\/wp-content\/uploads\/2023\/09\/regel-228x62.png 228w\" sizes=\"auto, (max-width: 548px) 100vw, 548px\" \/><\/figure>\n<\/div>\n\n\n<div style=\"height:20px\" aria-hidden=\"true\" class=\"wp-block-spacer\"><\/div>\n\n\n\n<h3 class=\"wp-block-heading\">F\u00fcr das Kochen gibt es eine Grundausstattung:<\/h3>\n\n\n\n<ul class=\"wp-block-list\">\n<li>Essig und \u00d6l, Milch, Sahne, Butter, Margarine, Eier, Weine, Mehl, Speisest\u00e4rke, Kakao, Honig, Marmelade, Gew\u00fcrze und diverse K\u00fcchenausr\u00fcstung (z. B. Zahnstocher)<\/li>\n\n\n\n<li>Als Grundausstattung gelten auch einige spezielle Sachen in der jeweiligen K\u00fcche (z. B. Kr\u00e4uter und Gew\u00fcrze).<\/li>\n<\/ul>\n\n\n\n<div style=\"height:50px\" aria-hidden=\"true\" class=\"wp-block-spacer\"><\/div>\n","protected":false},"excerpt":{"rendered":"<p>Wir versuchen im Jahr mind. 2 Kochduelle durchzuf\u00fchren. Hier die Regeln: F\u00fcr das Kochen gibt es eine Grundausstattung:<\/p>\n","protected":false},"author":2,"featured_media":0,"parent":0,"menu_order":0,"comment_status":"closed","ping_status":"closed","template":"","meta":{"wpupg_custom_link":[],"wpupg_custom_link_behaviour":[],"wpupg_custom_link_nofollow":[],"wpupg_custom_image":[],"wpupg_custom_image_id":[],"footnotes":""},"class_list":["post-29","page","type-page","status-publish","hentry"],"_links":{"self":[{"href":"https:\/\/kochparty.de\/page\/wp-json\/wp\/v2\/pages\/29","targetHints":{"allow":["GET"]}}],"collection":[{"href":"https:\/\/kochparty.de\/page\/wp-json\/wp\/v2\/pages"}],"about":[{"href":"https:\/\/kochparty.de\/page\/wp-json\/wp\/v2\/types\/page"}],"author":[{"embeddable":true,"href":"https:\/\/kochparty.de\/page\/wp-json\/wp\/v2\/users\/2"}],"replies":[{"embeddable":true,"href":"https:\/\/kochparty.de\/page\/wp-json\/wp\/v2\/comments?post=29"}],"version-history":[{"count":6,"href":"https:\/\/kochparty.de\/page\/wp-json\/wp\/v2\/pages\/29\/revisions"}],"predecessor-version":[{"id":630,"href":"https:\/\/kochparty.de\/page\/wp-json\/wp\/v2\/pages\/29\/revisions\/630"}],"wp:attachment":[{"href":"https:\/\/kochparty.de\/page\/wp-json\/wp\/v2\/media?parent=29"}],"curies":[{"name":"wp","href":"https:\/\/api.w.org\/{rel}","templated":true}]}}