{"id":1115,"date":"2025-03-07T19:18:19","date_gmt":"2025-03-07T18:18:19","guid":{"rendered":"https:\/\/kochparty.de\/page\/?page_id=1115"},"modified":"2025-12-06T10:33:56","modified_gmt":"2025-12-06T09:33:56","slug":"ausfluege","status":"publish","type":"page","link":"https:\/\/kochparty.de\/page\/de\/ausfluege\/","title":{"rendered":"Ausfluege"},"content":{"rendered":"\n<div class=\"wp-block-query is-layout-flow wp-block-query-is-layout-flow\">\n<div class=\"wp-block-group\"><div class=\"wp-block-group__inner-container is-layout-constrained wp-block-group-is-layout-constrained\"><ul class=\"columns-2 wp-block-post-template is-layout-grid wp-container-core-post-template-is-layout-f6ab3723 wp-block-post-template-is-layout-grid\"><li class=\"wp-block-post post-1440 post type-post status-publish format-standard has-post-thumbnail hentry category-ausfluege\">\n<h4 style=\"text-decoration:underline;\" class=\"wp-block-post-title\"><a href=\"https:\/\/kochparty.de\/page\/de\/christkindlmarkt-erding\/\" target=\"_self\" >Christkindlmarkt Erding<\/a><\/h4>\n\n\n<div class=\"wp-block-columns is-layout-flex wp-container-core-columns-is-layout-9d6595d7 wp-block-columns-is-layout-flex\">\n<div class=\"wp-block-column is-vertically-aligned-bottom is-layout-flow wp-block-column-is-layout-flow\" style=\"flex-basis:100%\"><figure class=\"wp-block-post-featured-image\"><a href=\"https:\/\/kochparty.de\/page\/de\/christkindlmarkt-erding\/\" target=\"_self\"  ><img loading=\"lazy\" decoding=\"async\" width=\"2500\" height=\"1406\" src=\"https:\/\/kochparty.de\/page\/wp-content\/uploads\/2025\/12\/image013-1.jpg\" class=\"attachment-post-thumbnail size-post-thumbnail wp-post-image\" alt=\"Christkindlmarkt Erding\" style=\"object-fit:cover;\" srcset=\"https:\/\/kochparty.de\/page\/wp-content\/uploads\/2025\/12\/image013-1.jpg 2500w, https:\/\/kochparty.de\/page\/wp-content\/uploads\/2025\/12\/image013-1-300x169.jpg 300w, https:\/\/kochparty.de\/page\/wp-content\/uploads\/2025\/12\/image013-1-1024x576.jpg 1024w, https:\/\/kochparty.de\/page\/wp-content\/uploads\/2025\/12\/image013-1-768x432.jpg 768w, https:\/\/kochparty.de\/page\/wp-content\/uploads\/2025\/12\/image013-1-1536x864.jpg 1536w, https:\/\/kochparty.de\/page\/wp-content\/uploads\/2025\/12\/image013-1-2048x1152.jpg 2048w, https:\/\/kochparty.de\/page\/wp-content\/uploads\/2025\/12\/image013-1-480x270.jpg 480w, https:\/\/kochparty.de\/page\/wp-content\/uploads\/2025\/12\/image013-1-206x116.jpg 206w\" sizes=\"auto, (max-width: 2500px) 100vw, 2500px\" \/><\/a><\/figure><\/div>\n<\/div>\n\n\n<div class=\"wp-block-post-date\"><time datetime=\"2025-12-18T16:05:33+01:00\">18. Dezember 2025<\/time><\/div>\n\n\n<div style=\"height:28px\" aria-hidden=\"true\" class=\"wp-block-spacer\"><\/div>\n\n\n<div class=\"wp-block-post-excerpt\"><p class=\"wp-block-post-excerpt__excerpt\">Am 3. Advent haben wir den Christkindlmarkt in Erding besucht. Leider war auf der Stammstrecke der S-Bahn in M\u00fcnchen etwas Chaos (Brand im Tunnel) so, dass die S-Bahnen sehr versp\u00e4tet fuhren. Deshalb kamen wir ca. 1 Stunde sp\u00e4ter an. In Erding haben wir uns dann mit den Freunden getroffen. Nach dem ersten&hellip; <a class=\"wp-block-post-excerpt__more-link\" href=\"https:\/\/kochparty.de\/page\/de\/christkindlmarkt-erding\/\">weiterlesen<\/a><\/p><\/div>\n\n\n<hr class=\"wp-block-separator has-alpha-channel-opacity\"\/>\n\n<\/li><li class=\"wp-block-post post-1380 post type-post status-publish format-standard has-post-thumbnail hentry category-ausfluege\">\n<h4 style=\"text-decoration:underline;\" class=\"wp-block-post-title\"><a href=\"https:\/\/kochparty.de\/page\/de\/sankt-englmar\/\" target=\"_self\" >Sankt Englmar<\/a><\/h4>\n\n\n<div class=\"wp-block-columns is-layout-flex wp-container-core-columns-is-layout-9d6595d7 wp-block-columns-is-layout-flex\">\n<div class=\"wp-block-column is-vertically-aligned-bottom is-layout-flow wp-block-column-is-layout-flow\" style=\"flex-basis:100%\"><figure class=\"wp-block-post-featured-image\"><a href=\"https:\/\/kochparty.de\/page\/de\/sankt-englmar\/\" target=\"_self\"  ><img loading=\"lazy\" decoding=\"async\" width=\"1600\" height=\"900\" src=\"https:\/\/kochparty.de\/page\/wp-content\/uploads\/2025\/12\/image037.jpg\" class=\"attachment-post-thumbnail size-post-thumbnail wp-post-image\" alt=\"Sankt Englmar\" style=\"object-fit:cover;\" srcset=\"https:\/\/kochparty.de\/page\/wp-content\/uploads\/2025\/12\/image037.jpg 1600w, https:\/\/kochparty.de\/page\/wp-content\/uploads\/2025\/12\/image037-300x169.jpg 300w, https:\/\/kochparty.de\/page\/wp-content\/uploads\/2025\/12\/image037-1024x576.jpg 1024w, https:\/\/kochparty.de\/page\/wp-content\/uploads\/2025\/12\/image037-768x432.jpg 768w, https:\/\/kochparty.de\/page\/wp-content\/uploads\/2025\/12\/image037-1536x864.jpg 1536w, https:\/\/kochparty.de\/page\/wp-content\/uploads\/2025\/12\/image037-480x270.jpg 480w, https:\/\/kochparty.de\/page\/wp-content\/uploads\/2025\/12\/image037-206x116.jpg 206w\" sizes=\"auto, (max-width: 1600px) 100vw, 1600px\" \/><\/a><\/figure><\/div>\n<\/div>\n\n\n<div class=\"wp-block-post-date\"><time datetime=\"2025-12-07T12:48:50+01:00\">7. Dezember 2025<\/time><\/div>\n\n\n<div style=\"height:28px\" aria-hidden=\"true\" class=\"wp-block-spacer\"><\/div>\n\n\n<div class=\"wp-block-post-excerpt\"><p class=\"wp-block-post-excerpt__excerpt\">Am ersten Adventwochenende waren wir in Sankt Englmar im Bayerischen Wald. Wir wollen dort den Weihnachtsmarkt in Maibrunn besuchen. In der Adventszeit verwandelt sich der Waldwipfelweg in ein Meer aus Lichtern. Wir haben im Berghotel Maibrunn \u00fcbernachtet. Nach dem Einchecken ging es zum Entspannen gleich in den Pool, den Whirlpool oder die&hellip; <a class=\"wp-block-post-excerpt__more-link\" href=\"https:\/\/kochparty.de\/page\/de\/sankt-englmar\/\">weiterlesen<\/a><\/p><\/div>\n\n\n<hr class=\"wp-block-separator has-alpha-channel-opacity\"\/>\n\n<\/li><\/ul><\/div><\/div>\n\n\n<nav class=\"wp-block-query-pagination is-content-justification-center is-nowrap is-layout-flex wp-container-core-query-pagination-is-layout-94bc23d7 wp-block-query-pagination-is-layout-flex\" aria-label=\"Seitennummerierung\">\n\n\n<div class=\"wp-block-query-pagination-numbers\"><span aria-current=\"page\" class=\"page-numbers current\">1<\/span>\n<a class=\"page-numbers\" href=\"?query-24-page=2\">2<\/a>\n<a class=\"page-numbers\" href=\"?query-24-page=3\">3<\/a>\n<a class=\"page-numbers\" href=\"?query-24-page=4\">4<\/a><\/div>\n\n<a href=\"\/page\/wp-json\/wp\/v2\/pages\/1115?query-24-page=2\" class=\"wp-block-query-pagination-next\" aria-label=\"N\u00e4chste Seite\"><span class='wp-block-query-pagination-next-arrow is-arrow-arrow' aria-hidden='true'>\u2192<\/span><\/a>\n<\/nav>\n\n<\/div>\n\n\n\n<p><\/p>\n","protected":false},"excerpt":{"rendered":"","protected":false},"author":1,"featured_media":0,"parent":0,"menu_order":0,"comment_status":"closed","ping_status":"closed","template":"","meta":{"wpupg_custom_link":[],"wpupg_custom_link_behaviour":[],"wpupg_custom_link_nofollow":[],"wpupg_custom_image":[],"wpupg_custom_image_id":[],"footnotes":""},"class_list":["post-1115","page","type-page","status-publish","hentry"],"_links":{"self":[{"href":"https:\/\/kochparty.de\/page\/wp-json\/wp\/v2\/pages\/1115","targetHints":{"allow":["GET"]}}],"collection":[{"href":"https:\/\/kochparty.de\/page\/wp-json\/wp\/v2\/pages"}],"about":[{"href":"https:\/\/kochparty.de\/page\/wp-json\/wp\/v2\/types\/page"}],"author":[{"embeddable":true,"href":"https:\/\/kochparty.de\/page\/wp-json\/wp\/v2\/users\/1"}],"replies":[{"embeddable":true,"href":"https:\/\/kochparty.de\/page\/wp-json\/wp\/v2\/comments?post=1115"}],"version-history":[{"count":5,"href":"https:\/\/kochparty.de\/page\/wp-json\/wp\/v2\/pages\/1115\/revisions"}],"predecessor-version":[{"id":1359,"href":"https:\/\/kochparty.de\/page\/wp-json\/wp\/v2\/pages\/1115\/revisions\/1359"}],"wp:attachment":[{"href":"https:\/\/kochparty.de\/page\/wp-json\/wp\/v2\/media?parent=1115"}],"curies":[{"name":"wp","href":"https:\/\/api.w.org\/{rel}","templated":true}]}}